{"id":32,"date":"2025-12-16T21:49:41","date_gmt":"2025-12-16T21:49:41","guid":{"rendered":"http:\/\/wedding-photography1.ziptemplates.top\/?page_id=32"},"modified":"2025-12-16T21:49:41","modified_gmt":"2025-12-16T21:49:41","slug":"services","status":"publish","type":"page","link":"https:\/\/snowprana.com\/fr\/services\/","title":{"rendered":"Services"},"content":{"rendered":"<div class=\"wp-block-uagb-container uagb-block-03b0edd2 alignfull uagb-is-root-container\"><div class=\"uagb-container-inner-blocks-wrap\">\n<div class=\"wp-block-uagb-advanced-heading uagb-block-f08b6f7a\"><h1 class=\"uagb-heading-text\">Am\u00e9liorez vos aventures dans la neige d\u00e8s aujourd'hui<\/h1><p class=\"uagb-desc-text\">Chez SnowPrana, nous combinons l'art du ski, du snowboard, du snowkite et du ski de randonn\u00e9e avec les principes du yoga et de la pleine conscience. Plongez dans la nature et vivez une exp\u00e9rience transformatrice sur les pistes avec nos instructeurs experts.<\/p><\/div>\n<\/div><\/div>\n\n\n\n<div class=\"wp-block-uagb-container uagb-block-c333eb67 alignfull uagb-is-root-container\"><div class=\"uagb-container-inner-blocks-wrap\">\n<div class=\"wp-block-uagb-advanced-heading uagb-block-9c6ec963\"><h2 class=\"uagb-heading-text\">Cours de ski<\/h2><\/div>\n\n\n\n<div class=\"wp-block-uagb-container uagb-layout-grid uagb-block-fd76b66f\">\n<div class=\"wp-block-uagb-container uagb-block-90e7ae3a\">\n<div class=\"wp-block-uagb-image uagb-block-5387097c wp-block-uagb-image--layout-default wp-block-uagb-image--effect-static wp-block-uagb-image--align-none\"><figure class=\"wp-block-uagb-image__figure\"><img loading=\"lazy\" decoding=\"async\" srcset=\"https:\/\/snowprana.com\/wp-content\/uploads\/2025\/12\/snowboardyoga.jpg ,https:\/\/snowprana.com\/wp-content\/uploads\/2025\/12\/snowboardyoga.jpg 780w, https:\/\/snowprana.com\/wp-content\/uploads\/2025\/12\/snowboardyoga.jpg 360w\" sizes=\"auto, (max-width: 480px) 150px\" src=\"https:\/\/snowprana.com\/wp-content\/uploads\/2025\/12\/snowboardyoga.jpg\" alt=\"snowboardyoga\" class=\"uag-image-605\" width=\"655\" height=\"400\" title=\"service photographique-01\" role=\"img\"\/><\/figure><\/div>\n\n\n\n<div class=\"wp-block-uagb-advanced-heading uagb-block-2bef7bc1\"><h3 class=\"uagb-heading-text\">Cours de ski<\/h3><p class=\"uagb-desc-text\">Nos cours de ski s'adressent \u00e0 tous les niveaux, des d\u00e9butants aux skieurs confirm\u00e9s. Nos moniteurs exp\u00e9riment\u00e9s vous guideront \u00e0 travers les techniques essentielles, vous permettant d'acqu\u00e9rir de l'assurance tout en profitant des montagnes suisses \u00e0 couper le souffle. Rejoignez-nous pour une exp\u00e9rience de ski m\u00e9morable, adapt\u00e9e \u00e0 vos besoins.<\/p><\/div>\n\n\n\n<div class=\"wp-block-uagb-icon-list uagb-block-660647cc\"><div class=\"uagb-icon-list__wrap\">\n<div class=\"wp-block-uagb-icon-list-child uagb-block-aa1eecec\"><span class=\"uagb-icon-list__source-wrap\"><svg xmlns=\"https:\/\/www.w3.org\/2000\/svg\" viewbox=\"0 0 512 512\"><path d=\"M512 256C512 397.4 397.4 512 256 512C114.6 512 0 397.4 0 256C0 114.6 114.6 0 256 0C397.4 0 512 114.6 512 256z\"><\/path><\/svg><\/span><span class=\"uagb-icon-list__label\">Enseignement personnalis\u00e9 pour tous les niveaux de comp\u00e9tence<\/span><\/div>\n\n\n\n<div class=\"wp-block-uagb-icon-list-child uagb-block-4ebb0a3a\"><span class=\"uagb-icon-list__source-wrap\"><svg xmlns=\"https:\/\/www.w3.org\/2000\/svg\" viewbox=\"0 0 512 512\"><path d=\"M512 256C512 397.4 397.4 512 256 512C114.6 512 0 397.4 0 256C0 114.6 114.6 0 256 0C397.4 0 512 114.6 512 256z\"><\/path><\/svg><\/span><span class=\"uagb-icon-list__label\">Sites panoramiques dans les belles stations de Suisse<\/span><\/div>\n\n\n\n<div class=\"wp-block-uagb-icon-list-child uagb-block-7d1e2480\"><span class=\"uagb-icon-list__source-wrap\"><svg xmlns=\"https:\/\/www.w3.org\/2000\/svg\" viewbox=\"0 0 512 512\"><path d=\"M512 256C512 397.4 397.4 512 256 512C114.6 512 0 397.4 0 256C0 114.6 114.6 0 256 0C397.4 0 512 114.6 512 256z\"><\/path><\/svg><\/span><span class=\"uagb-icon-list__label\">L'accent est mis sur l'apprentissage et la progression en pleine conscience<\/span><\/div>\n<\/div><\/div>\n<\/div>\n\n\n\n<div class=\"wp-block-uagb-container uagb-block-84cde6da\">\n<div class=\"wp-block-uagb-image uagb-block-3106ff99 wp-block-uagb-image--layout-default wp-block-uagb-image--effect-static wp-block-uagb-image--align-none\"><figure class=\"wp-block-uagb-image__figure\"><img loading=\"lazy\" decoding=\"async\" srcset=\"https:\/\/snowprana.com\/wp-content\/uploads\/2025\/12\/belle-randonnee-de-groupe-en-haute-montagne-avec-neige-fraiche-et-soleil.jpeg ,https:\/\/snowprana.com\/wp-content\/uploads\/2025\/12\/belle-randonnee-de-groupe-en-haute-montagne-avec-neige-fraiche-et-soleil.jpeg 780w, https:\/\/snowprana.com\/wp-content\/uploads\/2025\/12\/belle-randonnee-de-groupe-en-haute-montagne-avec-neige-fraiche-et-soleil.jpeg 360w\" sizes=\"auto, (max-width: 480px) 150px\" src=\"https:\/\/snowprana.com\/wp-content\/uploads\/2025\/12\/belle-randonnee-de-groupe-en-haute-montagne-avec-neige-fraiche-et-soleil.jpeg\" alt=\"belle-randonnee-de-groupe-en-haute-montagne-avec-neige-fraiche-et-soleil\" class=\"uag-image-606\" width=\"655\" height=\"450\" title=\"service photographique-02\" role=\"img\"\/><\/figure><\/div>\n\n\n\n<div class=\"wp-block-uagb-advanced-heading uagb-block-60047d35\"><h3 class=\"uagb-heading-text\">Le\u00e7ons de snowboard<\/h3><p class=\"uagb-desc-text\">D\u00e9couvrez les sensations du snowboard gr\u00e2ce \u00e0 nos le\u00e7ons dirig\u00e9es par des experts. Que vous soyez novice ou que vous cherchiez \u00e0 affiner vos comp\u00e9tences, nos instructeurs patients vous aideront \u00e0 d\u00e9valer les pistes en toute confiance. D\u00e9couvrez les joies du snowboard tout en profitant de la beaut\u00e9 de la nature qui vous entoure.<\/p><\/div>\n\n\n\n<div class=\"wp-block-uagb-icon-list uagb-block-abc18a88\"><div class=\"uagb-icon-list__wrap\">\n<div class=\"wp-block-uagb-icon-list-child uagb-block-be34eebe\"><span class=\"uagb-icon-list__source-wrap\"><svg xmlns=\"https:\/\/www.w3.org\/2000\/svg\" viewbox=\"0 0 512 512\"><path d=\"M512 256C512 397.4 397.4 512 256 512C114.6 512 0 397.4 0 256C0 114.6 114.6 0 256 0C397.4 0 512 114.6 512 256z\"><\/path><\/svg><\/span><span class=\"uagb-icon-list__label\">Un environnement d'apprentissage ludique et engageant<\/span><\/div>\n\n\n\n<div class=\"wp-block-uagb-icon-list-child uagb-block-4a3b1358\"><span class=\"uagb-icon-list__source-wrap\"><svg xmlns=\"https:\/\/www.w3.org\/2000\/svg\" viewbox=\"0 0 512 512\"><path d=\"M512 256C512 397.4 397.4 512 256 512C114.6 512 0 397.4 0 256C0 114.6 114.6 0 256 0C397.4 0 512 114.6 512 256z\"><\/path><\/svg><\/span><span class=\"uagb-icon-list__label\">Des groupes de petite taille pour un retour d'information personnalis\u00e9<\/span><\/div>\n\n\n\n<div class=\"wp-block-uagb-icon-list-child uagb-block-fadac3c3\"><span class=\"uagb-icon-list__source-wrap\"><svg xmlns=\"https:\/\/www.w3.org\/2000\/svg\" viewbox=\"0 0 512 512\"><path d=\"M512 256C512 397.4 397.4 512 256 512C114.6 512 0 397.4 0 256C0 114.6 114.6 0 256 0C397.4 0 512 114.6 512 256z\"><\/path><\/svg><\/span><span class=\"uagb-icon-list__label\">Id\u00e9al pour tous les \u00e2ges et toutes les capacit\u00e9s<\/span><\/div>\n<\/div><\/div>\n<\/div>\n\n\n\n<div class=\"wp-block-uagb-container uagb-block-9bd0cd80\">\n<div class=\"wp-block-uagb-image uagb-block-71742572 wp-block-uagb-image--layout-default wp-block-uagb-image--effect-static wp-block-uagb-image--align-none\"><figure class=\"wp-block-uagb-image__figure\"><img loading=\"lazy\" decoding=\"async\" srcset=\"https:\/\/snowprana.com\/wp-content\/uploads\/2025\/12\/back-flip-freestyle.jpg ,https:\/\/snowprana.com\/wp-content\/uploads\/2025\/12\/back-flip-freestyle.jpg 780w, https:\/\/snowprana.com\/wp-content\/uploads\/2025\/12\/back-flip-freestyle.jpg 360w\" sizes=\"auto, (max-width: 480px) 150px\" src=\"https:\/\/snowprana.com\/wp-content\/uploads\/2025\/12\/back-flip-freestyle.jpg\" alt=\"back-flip-freestyle\" class=\"uag-image-603\" width=\"655\" height=\"430\" title=\"service photographique-03\" role=\"img\"\/><\/figure><\/div>\n\n\n\n<div class=\"wp-block-uagb-advanced-heading uagb-block-7284dd06\"><h3 class=\"uagb-heading-text\">Le\u00e7ons de snowkite<\/h3><p class=\"uagb-desc-text\">D\u00e9couvrez les joies du snowkite gr\u00e2ce \u00e0 nos le\u00e7ons sp\u00e9cialis\u00e9es. Nos instructeurs vous apprennent \u00e0 ma\u00eetriser le vent tout en glissant sur la neige, pour une exp\u00e9rience exaltante sans pr\u00e9c\u00e9dent. Parfait pour les aventuriers \u00e0 la recherche d'un sport d'hiver unique !<\/p><\/div>\n\n\n\n<div class=\"wp-block-uagb-icon-list uagb-block-a9c7eeef\"><div class=\"uagb-icon-list__wrap\">\n<div class=\"wp-block-uagb-icon-list-child uagb-block-7b522830\"><span class=\"uagb-icon-list__source-wrap\"><svg xmlns=\"https:\/\/www.w3.org\/2000\/svg\" viewbox=\"0 0 512 512\"><path d=\"M512 256C512 397.4 397.4 512 256 512C114.6 512 0 397.4 0 256C0 114.6 114.6 0 256 0C397.4 0 512 114.6 512 256z\"><\/path><\/svg><\/span><span class=\"uagb-icon-list__label\">Combinaison de comp\u00e9tences en ski et en parapente<\/span><\/div>\n\n\n\n<div class=\"wp-block-uagb-icon-list-child uagb-block-ed87026c\"><span class=\"uagb-icon-list__source-wrap\"><svg xmlns=\"https:\/\/www.w3.org\/2000\/svg\" viewbox=\"0 0 512 512\"><path d=\"M512 256C512 397.4 397.4 512 256 512C114.6 512 0 397.4 0 256C0 114.6 114.6 0 256 0C397.4 0 512 114.6 512 256z\"><\/path><\/svg><\/span><span class=\"uagb-icon-list__label\">Choisissez parmi de superbes paysages enneig\u00e9s<\/span><\/div>\n\n\n\n<div class=\"wp-block-uagb-icon-list-child uagb-block-d620a1f3\"><span class=\"uagb-icon-list__source-wrap\"><svg xmlns=\"https:\/\/www.w3.org\/2000\/svg\" viewbox=\"0 0 512 512\"><path d=\"M512 256C512 397.4 397.4 512 256 512C114.6 512 0 397.4 0 256C0 114.6 114.6 0 256 0C397.4 0 512 114.6 512 256z\"><\/path><\/svg><\/span><span class=\"uagb-icon-list__label\">Apprendre avec des professionnels exp\u00e9riment\u00e9s du snowkite<\/span><\/div>\n<\/div><\/div>\n<\/div>\n\n\n\n<div class=\"wp-block-uagb-container uagb-block-5bf6b693\">\n<div class=\"wp-block-uagb-image uagb-block-d73296d9 wp-block-uagb-image--layout-default wp-block-uagb-image--effect-static wp-block-uagb-image--align-none\"><figure class=\"wp-block-uagb-image__figure\"><img loading=\"lazy\" decoding=\"async\" srcset=\"https:\/\/snowprana.com\/wp-content\/uploads\/2025\/12\/cours-de-ski-enfants-collectif-copie.jpg ,https:\/\/snowprana.com\/wp-content\/uploads\/2025\/12\/cours-de-ski-enfants-collectif-copie.jpg 780w, https:\/\/snowprana.com\/wp-content\/uploads\/2025\/12\/cours-de-ski-enfants-collectif-copie.jpg 360w\" sizes=\"auto, (max-width: 480px) 150px\" src=\"https:\/\/snowprana.com\/wp-content\/uploads\/2025\/12\/cours-de-ski-enfants-collectif-copie.jpg\" alt=\"cours-de-ski-enfants-collectif-copie\" class=\"uag-image-604\" width=\"655\" height=\"400\" title=\"service photographique-04\" role=\"img\"\/><\/figure><\/div>\n\n\n\n<div class=\"wp-block-uagb-advanced-heading uagb-block-b55a2c1f\"><h3 class=\"uagb-heading-text\">Exp\u00e9riences de ski de randonn\u00e9e<\/h3><p class=\"uagb-desc-text\">Rejoignez-nous pour des exp\u00e9riences de ski de randonn\u00e9e inoubliables qui vous rapprochent de la nature. Nos guides comp\u00e9tents vous conduiront vers des pistes vierges et des panoramas \u00e0 couper le souffle, vous permettant d'appr\u00e9cier la s\u00e9r\u00e9nit\u00e9 des montagnes. Id\u00e9al pour ceux qui recherchent un m\u00e9lange unique d'aventure et de tranquillit\u00e9.<\/p><\/div>\n\n\n\n<div class=\"wp-block-uagb-icon-list uagb-block-6f47b862\"><div class=\"uagb-icon-list__wrap\">\n<div class=\"wp-block-uagb-icon-list-child uagb-block-b90ea271\"><span class=\"uagb-icon-list__source-wrap\"><svg xmlns=\"https:\/\/www.w3.org\/2000\/svg\" viewbox=\"0 0 512 512\"><path d=\"M512 256C512 397.4 397.4 512 256 512C114.6 512 0 397.4 0 256C0 114.6 114.6 0 256 0C397.4 0 512 114.6 512 256z\"><\/path><\/svg><\/span><span class=\"uagb-icon-list__label\">Explorer les montagnes vierges<\/span><\/div>\n\n\n\n<div class=\"wp-block-uagb-icon-list-child uagb-block-ab8192df\"><span class=\"uagb-icon-list__source-wrap\"><svg xmlns=\"https:\/\/www.w3.org\/2000\/svg\" viewbox=\"0 0 512 512\"><path d=\"M512 256C512 397.4 397.4 512 256 512C114.6 512 0 397.4 0 256C0 114.6 114.6 0 256 0C397.4 0 512 114.6 512 256z\"><\/path><\/svg><\/span><span class=\"uagb-icon-list__label\">Visites guid\u00e9es dans des lieux pittoresques<\/span><\/div>\n\n\n\n<div class=\"wp-block-uagb-icon-list-child uagb-block-45b42419\"><span class=\"uagb-icon-list__source-wrap\"><svg xmlns=\"https:\/\/www.w3.org\/2000\/svg\" viewbox=\"0 0 512 512\"><path d=\"M512 256C512 397.4 397.4 512 256 512C114.6 512 0 397.4 0 256C0 114.6 114.6 0 256 0C397.4 0 512 114.6 512 256z\"><\/path><\/svg><\/span><span class=\"uagb-icon-list__label\">Am\u00e9liorez vos comp\u00e9tences dans un cadre paisible<\/span><\/div>\n<\/div><\/div>\n<\/div>\n<\/div>\n<\/div><\/div>\n\n\n\n<div class=\"wp-block-uagb-container uagb-block-a0200235 alignfull uagb-is-root-container\"><div class=\"uagb-container-inner-blocks-wrap\">\n<div class=\"wp-block-uagb-call-to-action uagb-block-c9597051 wp-block-button\"><div class=\"uagb-cta__wrap\"><h2 class=\"uagb-cta__title\">D\u00e9couvrez nos derni\u00e8res r\u00e9alisations sur Instagram<\/h2><\/div><div class=\"uagb-cta__buttons\"><a href=\"#\" class=\"uagb-cta__button-link-wrapper wp-block-button__link\" target=\"_self\" rel=\"noopener noreferrer\">Suivez-nous sur Instagram<\/a><\/div><\/div>\n\n\n\n<div class=\"wp-block-uagb-container uagb-layout-grid uagb-block-1e9a4002\">\n<div class=\"wp-block-uagb-image uagb-block-4675924b wp-block-uagb-image--layout-default wp-block-uagb-image--effect-static wp-block-uagb-image--align-none\"><figure class=\"wp-block-uagb-image__figure\"><img loading=\"lazy\" decoding=\"async\" srcset=\"https:\/\/snowprana.com\/wp-content\/uploads\/2025\/12\/img-8301.jpg ,https:\/\/snowprana.com\/wp-content\/uploads\/2025\/12\/img-8301.jpg 780w, https:\/\/snowprana.com\/wp-content\/uploads\/2025\/12\/img-8301.jpg 360w\" sizes=\"auto, (max-width: 480px) 150px\" src=\"https:\/\/snowprana.com\/wp-content\/uploads\/2025\/12\/img-8301.jpg\" alt=\"img-8301\" class=\"uag-image-596\" width=\"262\" height=\"262\" title=\"mon-travail-01\" role=\"img\"\/><\/figure><\/div>\n\n\n\n<div class=\"wp-block-uagb-image uagb-block-6fe0df3f wp-block-uagb-image--layout-default wp-block-uagb-image--effect-static wp-block-uagb-image--align-none\"><figure class=\"wp-block-uagb-image__figure\"><img loading=\"lazy\" decoding=\"async\" srcset=\"https:\/\/snowprana.com\/wp-content\/uploads\/2025\/12\/photo-2024-12-29-17-49-35.jpg ,https:\/\/snowprana.com\/wp-content\/uploads\/2025\/12\/photo-2024-12-29-17-49-35.jpg 780w, https:\/\/snowprana.com\/wp-content\/uploads\/2025\/12\/photo-2024-12-29-17-49-35.jpg 360w\" sizes=\"auto, (max-width: 480px) 150px\" src=\"https:\/\/snowprana.com\/wp-content\/uploads\/2025\/12\/photo-2024-12-29-17-49-35.jpg\" alt=\"photo-2024-12-29-17-49-35\" class=\"uag-image-591\" width=\"262\" height=\"262\" title=\"mon-travail-02\" role=\"img\"\/><\/figure><\/div>\n\n\n\n<div class=\"wp-block-uagb-image uagb-block-37cfb130 wp-block-uagb-image--layout-default wp-block-uagb-image--effect-static wp-block-uagb-image--align-none\"><figure class=\"wp-block-uagb-image__figure\"><img loading=\"lazy\" decoding=\"async\" srcset=\"https:\/\/snowprana.com\/wp-content\/uploads\/2025\/12\/25-chakra-poster-square-mgggqw.jpg ,https:\/\/snowprana.com\/wp-content\/uploads\/2025\/12\/25-chakra-poster-square-mgggqw.jpg 780w, https:\/\/snowprana.com\/wp-content\/uploads\/2025\/12\/25-chakra-poster-square-mgggqw.jpg 360w\" sizes=\"auto, (max-width: 480px) 150px\" src=\"https:\/\/snowprana.com\/wp-content\/uploads\/2025\/12\/25-chakra-poster-square-mgggqw.jpg\" alt=\"25-chakra-poster-square-mgggqw\" class=\"uag-image-608\" width=\"262\" height=\"262\" title=\"mon-travail-03\" role=\"img\"\/><\/figure><\/div>\n\n\n\n<div class=\"wp-block-uagb-image uagb-block-31249b68 wp-block-uagb-image--layout-default wp-block-uagb-image--effect-static wp-block-uagb-image--align-none\"><figure class=\"wp-block-uagb-image__figure\"><img loading=\"lazy\" decoding=\"async\" srcset=\"https:\/\/snowprana.com\/wp-content\/uploads\/2025\/12\/supra-copie-2.png ,https:\/\/snowprana.com\/wp-content\/uploads\/2025\/12\/supra-copie-2.png 780w, https:\/\/snowprana.com\/wp-content\/uploads\/2025\/12\/supra-copie-2.png 360w\" sizes=\"auto, (max-width: 480px) 150px\" src=\"https:\/\/snowprana.com\/wp-content\/uploads\/2025\/12\/supra-copie-2.png\" alt=\"supra-copie-2\" class=\"uag-image-609\" width=\"262\" height=\"262\" title=\"mon-travail-04\" role=\"img\"\/><\/figure><\/div>\n\n\n\n<div class=\"wp-block-uagb-image uagb-block-4f36728d wp-block-uagb-image--layout-default wp-block-uagb-image--effect-static wp-block-uagb-image--align-none uag-hide-tab\"><figure class=\"wp-block-uagb-image__figure\"><img loading=\"lazy\" decoding=\"async\" srcset=\"https:\/\/snowprana.com\/wp-content\/uploads\/2025\/12\/person-in-brown-jacket-doing-snow-ski-blade-trick-xzifeptrsri.jpeg ,https:\/\/snowprana.com\/wp-content\/uploads\/2025\/12\/person-in-brown-jacket-doing-snow-ski-blade-trick-xzifeptrsri.jpeg 780w, https:\/\/snowprana.com\/wp-content\/uploads\/2025\/12\/person-in-brown-jacket-doing-snow-ski-blade-trick-xzifeptrsri.jpeg 360w\" sizes=\"auto, (max-width: 480px) 150px\" src=\"https:\/\/snowprana.com\/wp-content\/uploads\/2025\/12\/person-in-brown-jacket-doing-snow-ski-blade-trick-xzifeptrsri.jpeg\" alt=\"person-in-brown-jacket-doing-snow-ski-blade-trick-xzifeptrsri\" class=\"uag-image-590\" width=\"262\" height=\"262\" title=\"mon-travail-05\" role=\"img\"\/><\/figure><\/div>\n<\/div>\n<\/div><\/div>\n\n\n\n<div class=\"wp-block-uagb-container uagb-block-9f047c00 alignfull uagb-is-root-container\"><div class=\"uagb-container-inner-blocks-wrap\">\n<div class=\"wp-block-uagb-container uagb-block-8ac3f7a9\">\n<div class=\"wp-block-uagb-info-box uagb-block-8023fb24 uagb-infobox__content-wrap  uagb-infobox-icon-above-title uagb-infobox-image-valign-top\"><div class=\"uagb-ifb-content\"><div class=\"uagb-ifb-title-wrap\"><h2 class=\"uagb-ifb-title\">Pr\u00eat pour l'aventure dans la neige ?<\/h2><\/div><p class=\"uagb-ifb-desc\">Contactez-nous d\u00e8s aujourd'hui pour r\u00e9server votre session et profiter de la neige avec notre \u00e9quipe d\u00e9vou\u00e9e !<\/p><div class=\"uagb-ifb-button-wrapper wp-block-button\"><a href=\"#\" class=\"uagb-infobox-cta-link wp-block-button__link\" target=\"_self\" rel=\"noopener noreferrer\" onclick=\"return false;\"><span class=\"uagb-inline-editing\">R\u00e9server<\/span><\/a><\/div><\/div><\/div>\n<\/div>\n<\/div><\/div>","protected":false},"excerpt":{"rendered":"<p>Elevate Your Snow Adventures Today At SnowPrana, we combine the art of skiing, snowboarding, snowkiting, and ski touring with the [&hellip;]<\/p>\n","protected":false},"author":4,"featured_media":0,"parent":0,"menu_order":0,"comment_status":"closed","ping_status":"closed","template":"","meta":{"_surecart_dashboard_logo_width":"180px","_surecart_dashboard_show_logo":true,"_surecart_dashboard_navigation_orders":true,"_surecart_dashboard_navigation_invoices":true,"_surecart_dashboard_navigation_subscriptions":true,"_surecart_dashboard_navigation_downloads":true,"_surecart_dashboard_navigation_billing":true,"_surecart_dashboard_navigation_account":true,"_uag_custom_page_level_css":"","site-sidebar-layout":"default","site-content-layout":"","ast-site-content-layout":"default","site-content-style":"default","site-sidebar-style":"default","ast-global-header-display":"","ast-banner-title-visibility":"","ast-main-header-display":"","ast-hfb-above-header-display":"","ast-hfb-below-header-display":"","ast-hfb-mobile-header-display":"","site-post-title":"disabled","ast-breadcrumbs-content":"","ast-featured-img":"","footer-sml-layout":"","ast-disable-related-posts":"","theme-transparent-header-meta":"","adv-header-id-meta":"","stick-header-meta":"","header-above-stick-meta":"","header-main-stick-meta":"","header-below-stick-meta":"","astra-migrate-meta-layouts":"default","ast-page-background-enabled":"default","ast-page-background-meta":{"desktop":{"background-color":"var(--ast-global-color-4)","background-image":"","background-repeat":"repeat","background-position":"center center","background-size":"auto","background-attachment":"scroll","background-type":"","background-media":"","overlay-type":"","overlay-color":"","overlay-opacity":"","overlay-gradient":""},"tablet":{"background-color":"","background-image":"","background-repeat":"repeat","background-position":"center center","background-size":"auto","background-attachment":"scroll","background-type":"","background-media":"","overlay-type":"","overlay-color":"","overlay-opacity":"","overlay-gradient":""},"mobile":{"background-color":"","background-image":"","background-repeat":"repeat","background-position":"center center","background-size":"auto","background-attachment":"scroll","background-type":"","background-media":"","overlay-type":"","overlay-color":"","overlay-opacity":"","overlay-gradient":""}},"ast-content-background-meta":{"desktop":{"background-color":"var(--ast-global-color-5)","background-image":"","background-repeat":"repeat","background-position":"center center","background-size":"auto","background-attachment":"scroll","background-type":"","background-media":"","overlay-type":"","overlay-color":"","overlay-opacity":"","overlay-gradient":""},"tablet":{"background-color":"var(--ast-global-color-5)","background-image":"","background-repeat":"repeat","background-position":"center center","background-size":"auto","background-attachment":"scroll","background-type":"","background-media":"","overlay-type":"","overlay-color":"","overlay-opacity":"","overlay-gradient":""},"mobile":{"background-color":"var(--ast-global-color-5)","background-image":"","background-repeat":"repeat","background-position":"center center","background-size":"auto","background-attachment":"scroll","background-type":"","background-media":"","overlay-type":"","overlay-color":"","overlay-opacity":"","overlay-gradient":""}},"footnotes":""},"class_list":["post-32","page","type-page","status-publish","hentry"],"uagb_featured_image_src":{"full":false,"thumbnail":false,"medium":false,"medium_large":false,"large":false,"1536x1536":false,"2048x2048":false,"trp-custom-language-flag":false},"uagb_author_info":{"display_name":"swnjswmi0ou1","author_link":"https:\/\/snowprana.com\/fr\/author\/swnjswmi0ou1\/"},"uagb_comment_info":0,"uagb_excerpt":"Elevate Your Snow Adventures Today At SnowPrana, we combine the art of skiing, snowboarding, snowkiting, and ski touring with the [&hellip;]","_links":{"self":[{"href":"https:\/\/snowprana.com\/fr\/wp-json\/wp\/v2\/pages\/32","targetHints":{"allow":["GET"]}}],"collection":[{"href":"https:\/\/snowprana.com\/fr\/wp-json\/wp\/v2\/pages"}],"about":[{"href":"https:\/\/snowprana.com\/fr\/wp-json\/wp\/v2\/types\/page"}],"author":[{"embeddable":true,"href":"https:\/\/snowprana.com\/fr\/wp-json\/wp\/v2\/users\/4"}],"replies":[{"embeddable":true,"href":"https:\/\/snowprana.com\/fr\/wp-json\/wp\/v2\/comments?post=32"}],"version-history":[{"count":1,"href":"https:\/\/snowprana.com\/fr\/wp-json\/wp\/v2\/pages\/32\/revisions"}],"predecessor-version":[{"id":618,"href":"https:\/\/snowprana.com\/fr\/wp-json\/wp\/v2\/pages\/32\/revisions\/618"}],"wp:attachment":[{"href":"https:\/\/snowprana.com\/fr\/wp-json\/wp\/v2\/media?parent=32"}],"curies":[{"name":"wp","href":"https:\/\/api.w.org\/{rel}","templated":true}]}}