{"id":35,"date":"2025-12-16T21:49:40","date_gmt":"2025-12-16T21:49:40","guid":{"rendered":"http:\/\/wedding-photography1.ziptemplates.top\/?page_id=35"},"modified":"2025-12-16T21:49:40","modified_gmt":"2025-12-16T21:49:40","slug":"testimonials","status":"publish","type":"page","link":"https:\/\/snowprana.com\/fr\/testimonials\/","title":{"rendered":"T\u00e9moignages"},"content":{"rendered":"<div class=\"wp-block-uagb-container uagb-block-03b0edd2 alignfull uagb-is-root-container\"><div class=\"uagb-container-inner-blocks-wrap\">\n<div class=\"wp-block-uagb-advanced-heading uagb-block-f08b6f7a\"><h1 class=\"uagb-heading-text\">What Our Participants Are Saying<\/h1><p class=\"uagb-desc-text\">Hear from those who have embraced the SnowPrana experience. Discover the joy, mindfulness, and skill development that awaits you on the slopes through our expert-led sessions.<\/p><\/div>\n<\/div><\/div>\n\n\n\n<div class=\"wp-block-uagb-container uagb-layout-grid uagb-block-bbfc3da0 alignfull uagb-is-root-container\"><div class=\"uagb-container-inner-blocks-wrap\">\n<div class=\"wp-block-uagb-container uagb-layout-flex uagb-block-704e1ca8\">\n<div class=\"wp-block-uagb-info-box uagb-block-2fb37c21 uagb-infobox__content-wrap  uagb-infobox-icon-above-title uagb-infobox-image-valign-top\"><div class=\"uagb-ifb-content\"><div class=\"uagb-ifb-icon-wrap\"><svg xmlns=\"https:\/\/www.w3.org\/2000\/svg\" viewbox=\"0 0 448 512\"><path d=\"M96 224C84.72 224 74.05 226.3 64 229.9V224c0-35.3 28.7-64 64-64c17.67 0 32-14.33 32-32S145.7 96 128 96C57.42 96 0 153.4 0 224v96c0 53.02 42.98 96 96 96s96-42.98 96-96S149 224 96 224zM352 224c-11.28 0-21.95 2.305-32 5.879V224c0-35.3 28.7-64 64-64c17.67 0 32-14.33 32-32s-14.33-32-32-32c-70.58 0-128 57.42-128 128v96c0 53.02 42.98 96 96 96s96-42.98 96-96S405 224 352 224z\"><\/path><\/svg><\/div><div class=\"uagb-ifb-title-wrap\"><h2 class=\"uagb-ifb-title\">Olivia &#038; Liam<\/h2><\/div><p class=\"uagb-ifb-desc\">SnowPrana transformed my snowboarding experience! The instructors are incredibly skilled and patient. I never felt more confident on the slopes.<\/p><\/div><\/div>\n\n\n\n<div class=\"wp-block-uagb-image uagb-block-cd7788fb wp-block-uagb-image--layout-default wp-block-uagb-image--effect-static wp-block-uagb-image--align-none\"><figure class=\"wp-block-uagb-image__figure\"><img loading=\"lazy\" decoding=\"async\" srcset=\"https:\/\/snowprana.com\/wp-content\/uploads\/2024\/06\/testimonial-skip-05.jpg ,https:\/\/snowprana.com\/wp-content\/uploads\/2024\/06\/testimonial-skip-05.jpg 780w, https:\/\/snowprana.com\/wp-content\/uploads\/2024\/06\/testimonial-skip-05.jpg 360w\" sizes=\"auto, (max-width: 480px) 150px\" src=\"https:\/\/snowprana.com\/wp-content\/uploads\/2024\/06\/testimonial-skip-05.jpg\" alt=\"Testimonial Skip 05\" class=\"uag-image-257\" width=\"645\" height=\"400\" title=\"testimonial-skip-05\" role=\"img\"><\/figure><\/div>\n<\/div>\n\n\n\n<div class=\"wp-block-uagb-container uagb-layout-grid uagb-block-b47e2e85\">\n<div class=\"wp-block-uagb-image uagb-block-e934bb96 wp-block-uagb-image--layout-default wp-block-uagb-image--effect-static wp-block-uagb-image--align-none\"><figure class=\"wp-block-uagb-image__figure\"><img loading=\"lazy\" decoding=\"async\" srcset=\"https:\/\/snowprana.com\/wp-content\/uploads\/2024\/06\/testimonial-skip-04.jpg ,https:\/\/snowprana.com\/wp-content\/uploads\/2024\/06\/testimonial-skip-04.jpg 780w, https:\/\/snowprana.com\/wp-content\/uploads\/2024\/06\/testimonial-skip-04.jpg 360w\" sizes=\"auto, (max-width: 480px) 150px\" src=\"https:\/\/snowprana.com\/wp-content\/uploads\/2024\/06\/testimonial-skip-04.jpg\" alt=\"Testimonial Skip 04\" class=\"uag-image-256\" width=\"645\" height=\"400\" title=\"testimonial-skip-04\" role=\"img\"><\/figure><\/div>\n\n\n\n<div class=\"wp-block-uagb-info-box uagb-block-8986cce9 uagb-infobox__content-wrap  uagb-infobox-icon-above-title uagb-infobox-image-valign-top wp-block-uagb-info-box--has-margin\"><div class=\"uagb-infobox-margin-wrapper\"><div class=\"uagb-ifb-content\"><div class=\"uagb-ifb-icon-wrap\"><svg xmlns=\"https:\/\/www.w3.org\/2000\/svg\" viewbox=\"0 0 448 512\"><path d=\"M96 224C84.72 224 74.05 226.3 64 229.9V224c0-35.3 28.7-64 64-64c17.67 0 32-14.33 32-32S145.7 96 128 96C57.42 96 0 153.4 0 224v96c0 53.02 42.98 96 96 96s96-42.98 96-96S149 224 96 224zM352 224c-11.28 0-21.95 2.305-32 5.879V224c0-35.3 28.7-64 64-64c17.67 0 32-14.33 32-32s-14.33-32-32-32c-70.58 0-128 57.42-128 128v96c0 53.02 42.98 96 96 96s96-42.98 96-96S405 224 352 224z\"><\/path><\/svg><\/div><div class=\"uagb-ifb-title-wrap\"><h2 class=\"uagb-ifb-title\">Sophia &#038; Ethan<\/h2><\/div><p class=\"uagb-ifb-desc\">Un voyage inoubliable dans les montagnes ! Le m\u00e9lange de yoga et de ski \u00e9tait unique et rafra\u00eechissant. Je recommande vivement SnowPrana pour tous les niveaux.<\/p><\/div><\/div><\/div>\n<\/div>\n\n\n\n<div class=\"wp-block-uagb-container uagb-layout-flex uagb-block-1072eeab\">\n<div class=\"wp-block-uagb-container uagb-block-5ee36ded\">\n<div class=\"wp-block-uagb-star-rating uagb-block-a405f45b\"><div class=\"uag-star-rating\" title=\"5\/5\"><span class=\"uag-star\">\u2605<\/span><span class=\"uag-star\">\u2605<\/span><span class=\"uag-star\">\u2605<\/span><span class=\"uag-star\">\u2605<\/span><span class=\"uag-star\">\u2605<\/span><\/div><\/div>\n\n\n\n<div class=\"wp-block-uagb-info-box uagb-block-8afb55bc uagb-infobox__content-wrap  uagb-infobox-icon-below-title uagb-infobox-image-valign-top wp-block-uagb-info-box--has-margin\"><div class=\"uagb-infobox-margin-wrapper\"><div class=\"uagb-ifb-content\"><div class=\"uagb-ifb-title-wrap\"><p class=\"uagb-ifb-title\">Gr\u00e2ce \u00e0 SnowPrana, j'ai d\u00e9couvert une nouvelle passion pour le snowkite ! Leurs conseils ont rendu l'activit\u00e9 accessible, amusante et s\u00e9curitaire. J'ai h\u00e2te d'\u00eatre \u00e0 la prochaine saison !<\/p><\/div><div class=\"uagb-ifb-image-content\"><img loading=\"lazy\" decoding=\"async\" src=\"https:\/\/snowprana.com\/wp-content\/uploads\/2024\/06\/testimonial-skip-02.jpg\" alt=\"Testimonial Skip 02\" width=\"60\" height=\"60\" title=\"T\u00e9moignages\"><\/div><p class=\"uagb-ifb-desc\">Emma &#038; Jake<\/p><\/div><\/div><\/div>\n<\/div>\n\n\n\n<div class=\"wp-block-uagb-container uagb-block-5d73aa80\">\n<div class=\"wp-block-uagb-star-rating uagb-block-6b4bbb07\"><div class=\"uag-star-rating\" title=\"5\/5\"><span class=\"uag-star\">\u2605<\/span><span class=\"uag-star\">\u2605<\/span><span class=\"uag-star\">\u2605<\/span><span class=\"uag-star\">\u2605<\/span><span class=\"uag-star\">\u2605<\/span><\/div><\/div>\n\n\n\n<div class=\"wp-block-uagb-info-box uagb-block-daa1ab95 uagb-infobox__content-wrap  uagb-infobox-icon-below-title uagb-infobox-image-valign-top wp-block-uagb-info-box--has-margin\"><div class=\"uagb-infobox-margin-wrapper\"><div class=\"uagb-ifb-content\"><div class=\"uagb-ifb-title-wrap\"><p class=\"uagb-ifb-title\">SnowPrana transformed our ski experience! The instructors are attentive and inspiring, making every lesson a joy. We felt safe and challenged at the same time.<\/p><\/div><div class=\"uagb-ifb-image-content\"><img loading=\"lazy\" decoding=\"async\" src=\"https:\/\/snowprana.com\/wp-content\/uploads\/2024\/06\/testimonial-skip-01.jpg\" alt=\"Testimonial Skip 01\" width=\"60\" height=\"60\" title=\"T\u00e9moignages\"><\/div><p class=\"uagb-ifb-desc\">Emily &#038; Lucas<\/p><\/div><\/div><\/div>\n<\/div>\n\n\n\n<div class=\"wp-block-uagb-container uagb-block-34978514\">\n<div class=\"wp-block-uagb-star-rating uagb-block-55cfd18b\"><div class=\"uag-star-rating\" title=\"5\/5\"><span class=\"uag-star\">\u2605<\/span><span class=\"uag-star\">\u2605<\/span><span class=\"uag-star\">\u2605<\/span><span class=\"uag-star\">\u2605<\/span><span class=\"uag-star\">\u2605<\/span><\/div><\/div>\n\n\n\n<div class=\"wp-block-uagb-info-box uagb-block-984fbe1b uagb-infobox__content-wrap  uagb-infobox-icon-below-title uagb-infobox-image-valign-top wp-block-uagb-info-box--has-margin\"><div class=\"uagb-infobox-margin-wrapper\"><div class=\"uagb-ifb-content\"><div class=\"uagb-ifb-title-wrap\"><p class=\"uagb-ifb-title\">The snowkiting session was unforgettable! The instructors made sure we were engaged and having fun while learning. Can&#8217;t wait to return for more!<\/p><\/div><div class=\"uagb-ifb-image-content\"><img loading=\"lazy\" decoding=\"async\" src=\"https:\/\/snowprana.com\/wp-content\/uploads\/2024\/06\/testimonial-skip-03.jpg\" alt=\"Testimonial Skip 03\" width=\"60\" height=\"60\" title=\"T\u00e9moignages\"><\/div><p class=\"uagb-ifb-desc\">Sophie &#038; Tom<\/p><\/div><\/div><\/div>\n<\/div>\n<\/div>\n\n\n\n<div class=\"wp-block-uagb-container uagb-layout-flex uagb-block-51649837\">\n<div class=\"wp-block-uagb-container uagb-block-99219228\">\n<div class=\"wp-block-uagb-star-rating uagb-block-2869d587\"><div class=\"uag-star-rating\" title=\"5\/5\"><span class=\"uag-star\">\u2605<\/span><span class=\"uag-star\">\u2605<\/span><span class=\"uag-star\">\u2605<\/span><span class=\"uag-star\">\u2605<\/span><span class=\"uag-star\">\u2605<\/span><\/div><\/div>\n\n\n\n<div class=\"wp-block-uagb-info-box uagb-block-4583e51a uagb-infobox__content-wrap  uagb-infobox-icon-below-title uagb-infobox-image-valign-top wp-block-uagb-info-box--has-margin\"><div class=\"uagb-infobox-margin-wrapper\"><div class=\"uagb-ifb-content\"><div class=\"uagb-ifb-title-wrap\"><p class=\"uagb-ifb-title\">Our family ski tour was brilliantly organized and enjoyable. Each member found their personal pace, thanks to the incredibly supportive instructors at SnowPrana.<\/p><\/div><div class=\"uagb-ifb-image-content\"><img loading=\"lazy\" decoding=\"async\" src=\"https:\/\/snowprana.com\/wp-content\/uploads\/2024\/06\/testimonial-skip-02.jpg\" alt=\"Testimonial Skip 02\" width=\"60\" height=\"60\" title=\"T\u00e9moignages\"><\/div><p class=\"uagb-ifb-desc\">Laura &#038; Mark<\/p><\/div><\/div><\/div>\n<\/div>\n\n\n\n<div class=\"wp-block-uagb-container uagb-block-2a556dc6\">\n<div class=\"wp-block-uagb-star-rating uagb-block-aa81f5f3\"><div class=\"uag-star-rating\" title=\"5\/5\"><span class=\"uag-star\">\u2605<\/span><span class=\"uag-star\">\u2605<\/span><span class=\"uag-star\">\u2605<\/span><span class=\"uag-star\">\u2605<\/span><span class=\"uag-star\">\u2605<\/span><\/div><\/div>\n\n\n\n<div class=\"wp-block-uagb-info-box uagb-block-016356f4 uagb-infobox__content-wrap  uagb-infobox-icon-below-title uagb-infobox-image-valign-top wp-block-uagb-info-box--has-margin\"><div class=\"uagb-infobox-margin-wrapper\"><div class=\"uagb-ifb-content\"><div class=\"uagb-ifb-title-wrap\"><p class=\"uagb-ifb-title\">I never thought I could snowboard so well! The personalized approach of SnowPrana allowed me to grow my skills quickly while enjoying the stunning scenery.<\/p><\/div><div class=\"uagb-ifb-image-content\"><img loading=\"lazy\" decoding=\"async\" src=\"https:\/\/snowprana.com\/wp-content\/uploads\/2024\/06\/testimonial-skip-01.jpg\" alt=\"Testimonial Skip 01\" width=\"60\" height=\"60\" title=\"T\u00e9moignages\"><\/div><p class=\"uagb-ifb-desc\">Megan &#038; John<\/p><\/div><\/div><\/div>\n<\/div>\n\n\n\n<div class=\"wp-block-uagb-container uagb-block-4b598552\">\n<div class=\"wp-block-uagb-star-rating uagb-block-760dc4e3\"><div class=\"uag-star-rating\" title=\"5\/5\"><span class=\"uag-star\">\u2605<\/span><span class=\"uag-star\">\u2605<\/span><span class=\"uag-star\">\u2605<\/span><span class=\"uag-star\">\u2605<\/span><span class=\"uag-star\">\u2605<\/span><\/div><\/div>\n\n\n\n<div class=\"wp-block-uagb-info-box uagb-block-ca1a8bfb uagb-infobox__content-wrap  uagb-infobox-icon-below-title uagb-infobox-image-valign-top wp-block-uagb-info-box--has-margin\"><div class=\"uagb-infobox-margin-wrapper\"><div class=\"uagb-ifb-content\"><div class=\"uagb-ifb-title-wrap\"><p class=\"uagb-ifb-title\">The blend of skiing and mindfulness was perfect. SnowPrana&#8217;s philosophy helped me enjoy every moment on the slopes, enhancing my overall experience immensely.<\/p><\/div><div class=\"uagb-ifb-image-content\"><img loading=\"lazy\" decoding=\"async\" src=\"https:\/\/snowprana.com\/wp-content\/uploads\/2024\/06\/testimonial-skip-03.jpg\" alt=\"Testimonial Skip 03\" width=\"60\" height=\"60\" title=\"T\u00e9moignages\"><\/div><p class=\"uagb-ifb-desc\">Claire &#038; David<\/p><\/div><\/div><\/div>\n<\/div>\n<\/div>\n<\/div><\/div>\n\n\n\n<div class=\"wp-block-uagb-container uagb-block-a0200235 alignfull uagb-is-root-container\"><div class=\"uagb-container-inner-blocks-wrap\">\n<div class=\"wp-block-uagb-call-to-action uagb-block-c9597051 wp-block-button\"><div class=\"uagb-cta__wrap\"><h2 class=\"uagb-cta__title\">D\u00e9couvrez nos derni\u00e8res r\u00e9alisations sur Instagram<\/h2><\/div><div class=\"uagb-cta__buttons\"><a href=\"#\" class=\"uagb-cta__button-link-wrapper wp-block-button__link\" target=\"_self\" rel=\"noopener noreferrer\">Suivez-nous sur Instagram<\/a><\/div><\/div>\n\n\n\n<div class=\"wp-block-uagb-container uagb-layout-grid uagb-block-1e9a4002\">\n<div class=\"wp-block-uagb-image uagb-block-4675924b wp-block-uagb-image--layout-default wp-block-uagb-image--effect-static wp-block-uagb-image--align-none\"><figure class=\"wp-block-uagb-image__figure\"><img loading=\"lazy\" decoding=\"async\" srcset=\"https:\/\/snowprana.com\/wp-content\/uploads\/2025\/12\/img-8301.jpg ,https:\/\/snowprana.com\/wp-content\/uploads\/2025\/12\/img-8301.jpg 780w, https:\/\/snowprana.com\/wp-content\/uploads\/2025\/12\/img-8301.jpg 360w\" sizes=\"auto, (max-width: 480px) 150px\" src=\"https:\/\/snowprana.com\/wp-content\/uploads\/2025\/12\/img-8301.jpg\" alt=\"img-8301\" class=\"uag-image-596\" width=\"262\" height=\"262\" title=\"mon-travail-01\" role=\"img\"\/><\/figure><\/div>\n\n\n\n<div class=\"wp-block-uagb-image uagb-block-6fe0df3f wp-block-uagb-image--layout-default wp-block-uagb-image--effect-static wp-block-uagb-image--align-none\"><figure class=\"wp-block-uagb-image__figure\"><img loading=\"lazy\" decoding=\"async\" srcset=\"https:\/\/snowprana.com\/wp-content\/uploads\/2025\/12\/photo-2024-12-29-17-49-35.jpg ,https:\/\/snowprana.com\/wp-content\/uploads\/2025\/12\/photo-2024-12-29-17-49-35.jpg 780w, https:\/\/snowprana.com\/wp-content\/uploads\/2025\/12\/photo-2024-12-29-17-49-35.jpg 360w\" sizes=\"auto, (max-width: 480px) 150px\" src=\"https:\/\/snowprana.com\/wp-content\/uploads\/2025\/12\/photo-2024-12-29-17-49-35.jpg\" alt=\"photo-2024-12-29-17-49-35\" class=\"uag-image-591\" width=\"262\" height=\"262\" title=\"mon-travail-02\" role=\"img\"\/><\/figure><\/div>\n\n\n\n<div class=\"wp-block-uagb-image uagb-block-37cfb130 wp-block-uagb-image--layout-default wp-block-uagb-image--effect-static wp-block-uagb-image--align-none\"><figure class=\"wp-block-uagb-image__figure\"><img loading=\"lazy\" decoding=\"async\" srcset=\"https:\/\/snowprana.com\/wp-content\/uploads\/2025\/12\/25-chakra-poster-square-mgggqw.jpg ,https:\/\/snowprana.com\/wp-content\/uploads\/2025\/12\/25-chakra-poster-square-mgggqw.jpg 780w, https:\/\/snowprana.com\/wp-content\/uploads\/2025\/12\/25-chakra-poster-square-mgggqw.jpg 360w\" sizes=\"auto, (max-width: 480px) 150px\" src=\"https:\/\/snowprana.com\/wp-content\/uploads\/2025\/12\/25-chakra-poster-square-mgggqw.jpg\" alt=\"25-chakra-poster-square-mgggqw\" class=\"uag-image-608\" width=\"262\" height=\"262\" title=\"mon-travail-03\" role=\"img\"\/><\/figure><\/div>\n\n\n\n<div class=\"wp-block-uagb-image uagb-block-31249b68 wp-block-uagb-image--layout-default wp-block-uagb-image--effect-static wp-block-uagb-image--align-none\"><figure class=\"wp-block-uagb-image__figure\"><img loading=\"lazy\" decoding=\"async\" srcset=\"https:\/\/snowprana.com\/wp-content\/uploads\/2025\/12\/supra-copie-2.png ,https:\/\/snowprana.com\/wp-content\/uploads\/2025\/12\/supra-copie-2.png 780w, https:\/\/snowprana.com\/wp-content\/uploads\/2025\/12\/supra-copie-2.png 360w\" sizes=\"auto, (max-width: 480px) 150px\" src=\"https:\/\/snowprana.com\/wp-content\/uploads\/2025\/12\/supra-copie-2.png\" alt=\"supra-copie-2\" class=\"uag-image-609\" width=\"262\" height=\"262\" title=\"mon-travail-04\" role=\"img\"\/><\/figure><\/div>\n\n\n\n<div class=\"wp-block-uagb-image uagb-block-4f36728d wp-block-uagb-image--layout-default wp-block-uagb-image--effect-static wp-block-uagb-image--align-none uag-hide-tab\"><figure class=\"wp-block-uagb-image__figure\"><img loading=\"lazy\" decoding=\"async\" srcset=\"https:\/\/snowprana.com\/wp-content\/uploads\/2025\/12\/person-in-brown-jacket-doing-snow-ski-blade-trick-xzifeptrsri.jpeg ,https:\/\/snowprana.com\/wp-content\/uploads\/2025\/12\/person-in-brown-jacket-doing-snow-ski-blade-trick-xzifeptrsri.jpeg 780w, https:\/\/snowprana.com\/wp-content\/uploads\/2025\/12\/person-in-brown-jacket-doing-snow-ski-blade-trick-xzifeptrsri.jpeg 360w\" sizes=\"auto, (max-width: 480px) 150px\" src=\"https:\/\/snowprana.com\/wp-content\/uploads\/2025\/12\/person-in-brown-jacket-doing-snow-ski-blade-trick-xzifeptrsri.jpeg\" alt=\"person-in-brown-jacket-doing-snow-ski-blade-trick-xzifeptrsri\" class=\"uag-image-590\" width=\"262\" height=\"262\" title=\"mon-travail-05\" role=\"img\"\/><\/figure><\/div>\n<\/div>\n<\/div><\/div>\n\n\n\n<div class=\"wp-block-uagb-container uagb-block-9f047c00 alignfull uagb-is-root-container\"><div class=\"uagb-container-inner-blocks-wrap\">\n<div class=\"wp-block-uagb-container uagb-block-8ac3f7a9\">\n<div class=\"wp-block-uagb-info-box uagb-block-8023fb24 uagb-infobox__content-wrap  uagb-infobox-icon-above-title uagb-infobox-image-valign-top\"><div class=\"uagb-ifb-content\"><div class=\"uagb-ifb-title-wrap\"><h2 class=\"uagb-ifb-title\">Pr\u00eat pour l'aventure dans la neige ?<\/h2><\/div><p class=\"uagb-ifb-desc\">Contactez-nous d\u00e8s aujourd'hui pour r\u00e9server votre session et profiter de la neige avec notre \u00e9quipe d\u00e9vou\u00e9e !<\/p><div class=\"uagb-ifb-button-wrapper wp-block-button\"><a href=\"#\" class=\"uagb-infobox-cta-link wp-block-button__link\" target=\"_self\" rel=\"noopener noreferrer\" onclick=\"return false;\"><span class=\"uagb-inline-editing\">R\u00e9server<\/span><\/a><\/div><\/div><\/div>\n<\/div>\n<\/div><\/div>","protected":false},"excerpt":{"rendered":"<p>What Our Participants Are Saying Hear from those who have embraced the SnowPrana experience. Discover the joy, mindfulness, and skill [&hellip;]<\/p>\n","protected":false},"author":4,"featured_media":0,"parent":0,"menu_order":0,"comment_status":"closed","ping_status":"closed","template":"","meta":{"_surecart_dashboard_logo_width":"180px","_surecart_dashboard_show_logo":true,"_surecart_dashboard_navigation_orders":true,"_surecart_dashboard_navigation_invoices":true,"_surecart_dashboard_navigation_subscriptions":true,"_surecart_dashboard_navigation_downloads":true,"_surecart_dashboard_navigation_billing":true,"_surecart_dashboard_navigation_account":true,"_uag_custom_page_level_css":"","site-sidebar-layout":"default","site-content-layout":"","ast-site-content-layout":"default","site-content-style":"default","site-sidebar-style":"default","ast-global-header-display":"","ast-banner-title-visibility":"","ast-main-header-display":"","ast-hfb-above-header-display":"","ast-hfb-below-header-display":"","ast-hfb-mobile-header-display":"","site-post-title":"disabled","ast-breadcrumbs-content":"","ast-featured-img":"","footer-sml-layout":"","ast-disable-related-posts":"","theme-transparent-header-meta":"","adv-header-id-meta":"","stick-header-meta":"","header-above-stick-meta":"","header-main-stick-meta":"","header-below-stick-meta":"","astra-migrate-meta-layouts":"default","ast-page-background-enabled":"default","ast-page-background-meta":{"desktop":{"background-color":"var(--ast-global-color-4)","background-image":"","background-repeat":"repeat","background-position":"center center","background-size":"auto","background-attachment":"scroll","background-type":"","background-media":"","overlay-type":"","overlay-color":"","overlay-opacity":"","overlay-gradient":""},"tablet":{"background-color":"","background-image":"","background-repeat":"repeat","background-position":"center center","background-size":"auto","background-attachment":"scroll","background-type":"","background-media":"","overlay-type":"","overlay-color":"","overlay-opacity":"","overlay-gradient":""},"mobile":{"background-color":"","background-image":"","background-repeat":"repeat","background-position":"center center","background-size":"auto","background-attachment":"scroll","background-type":"","background-media":"","overlay-type":"","overlay-color":"","overlay-opacity":"","overlay-gradient":""}},"ast-content-background-meta":{"desktop":{"background-color":"var(--ast-global-color-5)","background-image":"","background-repeat":"repeat","background-position":"center center","background-size":"auto","background-attachment":"scroll","background-type":"","background-media":"","overlay-type":"","overlay-color":"","overlay-opacity":"","overlay-gradient":""},"tablet":{"background-color":"var(--ast-global-color-5)","background-image":"","background-repeat":"repeat","background-position":"center center","background-size":"auto","background-attachment":"scroll","background-type":"","background-media":"","overlay-type":"","overlay-color":"","overlay-opacity":"","overlay-gradient":""},"mobile":{"background-color":"var(--ast-global-color-5)","background-image":"","background-repeat":"repeat","background-position":"center center","background-size":"auto","background-attachment":"scroll","background-type":"","background-media":"","overlay-type":"","overlay-color":"","overlay-opacity":"","overlay-gradient":""}},"footnotes":""},"class_list":["post-35","page","type-page","status-publish","hentry"],"uagb_featured_image_src":{"full":false,"thumbnail":false,"medium":false,"medium_large":false,"large":false,"1536x1536":false,"2048x2048":false,"trp-custom-language-flag":false},"uagb_author_info":{"display_name":"swnjswmi0ou1","author_link":"https:\/\/snowprana.com\/fr\/author\/swnjswmi0ou1\/"},"uagb_comment_info":0,"uagb_excerpt":"What Our Participants Are Saying Hear from those who have embraced the SnowPrana experience. Discover the joy, mindfulness, and skill [&hellip;]","_links":{"self":[{"href":"https:\/\/snowprana.com\/fr\/wp-json\/wp\/v2\/pages\/35","targetHints":{"allow":["GET"]}}],"collection":[{"href":"https:\/\/snowprana.com\/fr\/wp-json\/wp\/v2\/pages"}],"about":[{"href":"https:\/\/snowprana.com\/fr\/wp-json\/wp\/v2\/types\/page"}],"author":[{"embeddable":true,"href":"https:\/\/snowprana.com\/fr\/wp-json\/wp\/v2\/users\/4"}],"replies":[{"embeddable":true,"href":"https:\/\/snowprana.com\/fr\/wp-json\/wp\/v2\/comments?post=35"}],"version-history":[{"count":1,"href":"https:\/\/snowprana.com\/fr\/wp-json\/wp\/v2\/pages\/35\/revisions"}],"predecessor-version":[{"id":615,"href":"https:\/\/snowprana.com\/fr\/wp-json\/wp\/v2\/pages\/35\/revisions\/615"}],"wp:attachment":[{"href":"https:\/\/snowprana.com\/fr\/wp-json\/wp\/v2\/media?parent=35"}],"curies":[{"name":"wp","href":"https:\/\/api.w.org\/{rel}","templated":true}]}}